{"id":5722,"date":"2018-10-22T13:45:24","date_gmt":"2018-10-22T13:45:24","guid":{"rendered":"https:\/\/www.ekko-wp.com\/?page_id=5722"},"modified":"2025-01-14T16:09:57","modified_gmt":"2025-01-14T15:09:57","slug":"le-cdad","status":"publish","type":"page","link":"https:\/\/www.cdad.avrilcommunication.net\/wordpress\/le-cdad\/","title":{"rendered":"Le CDAD"},"content":{"rendered":"<section class=\"wpb-content-wrapper\"><p>[vc_row full_width=&#8221;stretch_row&#8221; css=&#8221;.vc_custom_1674831747619{padding-top: 100px !important;padding-bottom: 80px !important;background-color: #f5f5f5 !important;}&#8221;][vc_column css=&#8221;.vc_custom_1541586968176{padding-right: 40px !important;}&#8221; offset=&#8221;vc_col-lg-6&#8243;][vc_row_inner][vc_column_inner css=&#8221;.vc_custom_1541586958015{padding-right: 0px !important;padding-left: 0px !important;}&#8221;]<header class=\"kd-section-title col-lg-12 text-right  kd-animated fadeIn  \" data-animation-delay=200><h2 class=\"separator_off\" >Qui sommes-nous ?<\/h2><\/header>[\/vc_column_inner][\/vc_row_inner][vc_row_inner css=&#8221;.vc_custom_1539771982364{margin-top: 25px !important;}&#8221;][vc_column_inner width=&#8221;5\/12&#8243; offset=&#8221;vc_hidden-sm vc_hidden-xs&#8221;][\/vc_column_inner][vc_column_inner css=&#8221;.vc_custom_1541586981475{padding-right: 0px !important;}&#8221; offset=&#8221;vc_col-lg-7&#8243;][vc_custom_heading text=&#8221;Le Conseil D\u00e9partemental de l\u2019Acc\u00e8s au Droit de l\u2019Oise favorise l\u2019acc\u00e8s \u00e0 l\u2019information juridique gratuite pour tous et promeut les modes de r\u00e8glement amiable des litiges.&#8221; font_container=&#8221;tag:p|font_size:16px|text_align:right|line_height:1.6&#8243; use_theme_fonts=&#8221;yes&#8221; css_animation=&#8221;fadeIn&#8221;][\/vc_column_inner][\/vc_row_inner][\/vc_column][vc_column css=&#8221;.vc_custom_1541586975592{padding-left: 40px !important;}&#8221; offset=&#8221;vc_col-lg-6&#8243;][vc_custom_heading text=&#8221;Pour d\u00e9finir une politique d&#8217;acc\u00e8s au droit dans chaque d\u00e9partement, piloter et coordonner les actions en mati\u00e8re d&#8217;aide \u00e0 l&#8217;acc\u00e8s au droit, il a \u00e9t\u00e9 institu\u00e9 dans chaque d\u00e9partement un Conseil d\u00e9partemental d\u2019acc\u00e8s au droit (CDAD). Comme tous les CDAD de France, le CDAD de l\u2019Oise est un groupement d\u2019int\u00e9r\u00eat public auquel participent l\u2019Etat, les collectivit\u00e9s territoriales, les professions du droit et certaines associations sp\u00e9cialis\u00e9es.<br \/>\nIl a pour missions de :<br \/>\n&gt; D\u00e9finir une politique locale adapt\u00e9e d\u2019acc\u00e8s au droit ;<br \/>\n&gt; Recenser les dispositifs existants, les faire conna\u00eetre et identifier les besoins non-satisfaits ;<br \/>\n&gt; Mettre en \u0153uvre des dispositifs nouveaux, permettant aux citoyens de mieux conna\u00eetre leurs droits et leurs obligations et de favoriser le r\u00e8glement amiable des litiges ;<br \/>\n&gt; Participer, le cas \u00e9ch\u00e9ant, au financement d\u2019actions locales ;<br \/>\n&gt; \u00c9valuer la qualit\u00e9 et l\u2019efficacit\u00e9 des dispositifs auxquels il apporte son concours.&#8221; font_container=&#8221;tag:p|font_size:18|text_align:left|line_height:1.6&#8243; use_theme_fonts=&#8221;yes&#8221; css_animation=&#8221;fadeIn&#8221; css=&#8221;.vc_custom_1736866970021{margin-top: 5px !important;}&#8221;][\/vc_column][\/vc_row][vc_row full_width=&#8221;stretch_row&#8221; css=&#8221;.vc_custom_1674831816638{margin-top: 15px !important;padding-top: 60px !important;padding-bottom: 100px !important;}&#8221;][vc_column css=&#8221;.vc_custom_1541587114185{padding-right: 40px !important;padding-left: 30px !important;}&#8221; offset=&#8221;vc_col-lg-6&#8243;][vc_row_inner][vc_column_inner css=&#8221;.vc_custom_1541587107649{padding-right: 0px !important;padding-left: 0px !important;}&#8221;]<header class=\"kd-section-title col-lg-12 text-right  kd-animated fadeIn  \" data-animation-delay=200><h2 class=\"separator_off\" >Nos missions<\/h2><\/header>[\/vc_column_inner][\/vc_row_inner][vc_row_inner css=&#8221;.vc_custom_1555686642129{margin-top: 30px !important;}&#8221;][vc_column_inner width=&#8221;5\/12&#8243; offset=&#8221;vc_hidden-md vc_hidden-sm vc_hidden-xs&#8221;][\/vc_column_inner][vc_column_inner offset=&#8221;vc_col-lg-7&#8243; css=&#8221;.vc_custom_1541587121546{padding-right: 0px !important;}&#8221;][vc_custom_heading text=&#8221;Conna\u00eetre ses droits et obligations, \u00eatre en mesure de les exercer, est un besoin essentiel pour chaque individu et un \u00e9l\u00e9ment fondamental du pacte social.<br \/>\nSi l\u2019adage selon lequel \u00ab nul n\u2019est cens\u00e9 ignorer la loi \u00bb est couramment utilis\u00e9, la complexit\u00e9 du droit, son \u00e9volution rapide et son caract\u00e8re sp\u00e9cialis\u00e9 ne permettent pas toujours de le comprendre en d\u00e9tail.&#8221; font_container=&#8221;tag:p|font_size:16|text_align:right&#8221; use_theme_fonts=&#8221;yes&#8221; css_animation=&#8221;fadeIn&#8221;][\/vc_column_inner][\/vc_row_inner][\/vc_column][vc_column css=&#8221;.vc_custom_1541587225605{margin-top: 7px !important;padding-right: 115px !important;padding-left: 30px !important;}&#8221; offset=&#8221;vc_col-lg-6 vc_hidden-md vc_hidden-sm&#8221;]<div class=\"key-icon-box icon-default icon-left cont-left ib-no-effect  kd-animated fadeInUp\" style=\"background-color: transparent;\" ><i class=\"fas fa-info-circle\" style=\" color: #469778;\"><\/i> <h6 class=\"service-heading\" >Informer<\/h6><p >Une r\u00e9ponse apport\u00e9e \u00e0 l\u2019usager (information, orientation). Le juriste du CDAD donne une premi\u00e8re information mais ne peut donner aucun conseil juridique (cela appartient uniquement aux professionnels du droit).<\/p><\/div>[vc_empty_space height=&#8221;40px&#8221;]<div class=\"key-icon-box icon-default icon-left cont-left ib-no-effect  kd-animated fadeInUp\" style=\"background-color: transparent;\" data-animation-delay=200><i class=\"far fa-compass\" style=\" color: #469778;\"><\/i> <h6 class=\"service-heading\" >Orienter<\/h6><p >En cas de situation complexe ou si la demande rel\u00e8ve du conseil juridique, orientation vers les associations sp\u00e9cialis\u00e9es ou les professionnels du droit.<\/p><\/div>[vc_empty_space height=&#8221;40px&#8221;]<div class=\"key-icon-box icon-default icon-left cont-left ib-no-effect  kd-animated fadeInUp\" style=\"background-color: transparent;\" data-animation-delay=400><i class=\"fas fa-hands-helping\" style=\" color: #469778;\"><\/i> <h6 class=\"service-heading\" >Aider<\/h6><p >Une \u00e9coute de l\u2019usager et de sa situation pour laquelle il est en attente d\u2019une information juridique.<\/p><\/div>[\/vc_column][\/vc_row][vc_row][vc_column]<header class=\"kd-section-title vc_col-lg-6 vc_col-sm-8 text-center solid-line sep-border-width-2     vc_custom_1736867201944\" ><h2 class=\"separator_on\" >Liens utiles<\/h2><div class=\"kd-separator below_title\" ><div class=\"kd-separator-line\" ><\/div><\/div><h6 class=\"subtitle \" >Retrouvez ici des liens utiles pour acc\u00e9der rapidement \u00e0 des ressources, des services et des informations juridiques adapt\u00e9es \u00e0 vos besoins.<\/h6><\/header>[\/vc_column][\/vc_row][vc_row full_width=&#8221;stretch_row&#8221;][vc_column][vc_row_inner css=&#8221;.vc_custom_1538391716885{padding-top: 100px !important;padding-bottom: 100px !important;}&#8221;][vc_column_inner]<div class=\"slider clients grayscale-effect kd-client-69d9f3b96002c black-navigation \"><div class=\"clients-content \" ><img decoding=\"async\" src=\"https:\/\/www.ekko-wp.com\/static\/wp-content\/uploads\/sites\/3\/2018\/10\/logo1.png\"  \/><\/div><div class=\"clients-content \" ><img decoding=\"async\" src=\"https:\/\/www.ekko-wp.com\/static\/wp-content\/uploads\/sites\/3\/2018\/10\/logo2.png\"  \/><\/div><div class=\"clients-content \" ><img decoding=\"async\" src=\"https:\/\/www.ekko-wp.com\/static\/wp-content\/uploads\/sites\/3\/2018\/10\/logo3.png\"  \/><\/div><div class=\"clients-content \" ><img decoding=\"async\" src=\"https:\/\/www.ekko-wp.com\/static\/wp-content\/uploads\/sites\/3\/2018\/10\/logo6.png\"  \/><\/div><div class=\"clients-content \" ><img decoding=\"async\" src=\"https:\/\/www.ekko-wp.com\/static\/wp-content\/uploads\/sites\/3\/2018\/10\/logo7.png\"  \/><\/div><div class=\"clients-content \" ><img decoding=\"async\" src=\"https:\/\/www.ekko-wp.com\/static\/wp-content\/uploads\/sites\/3\/2018\/10\/logo4.png\"  \/><\/div><\/div><script type=\"text\/javascript\">\r\n              jQuery(document).ready(function($){\r\n                if ($(\".slider.clients.kd-client-69d9f3b96002c\").length) {\r\n                  $(\".slider.clients.kd-client-69d9f3b96002c\").owlCarousel({\r\n                    stageClass: \"owl-wrapper\",\r\n                    stageOuterClass: \"owl-wrapper-outer\",\r\n                    loadedClass: \"owl-carousel\",\r\n                    responsiveClass:true,\r\n                    responsive:{\r\n                      0:{\r\n                          items:1,nav: true,\r\n                            navSpeed: 500,\r\n                            dots: false,},\r\n                      415:{\r\n                          items:3,nav: true,\r\n                            navSpeed: 500,\r\n                            dots: false,},\r\n                      960:{\r\n                          items:5,nav: true,\r\n                              navSpeed: 500,\r\n                              dots: false,}\r\n                    },loop: true,autoplay: true,autoplayTimeout: 10000,\r\n                  });\r\n                }\r\n              });\r\n            <\/script>[\/vc_column_inner][\/vc_row_inner][\/vc_column][\/vc_row]<\/p>\n<\/section>","protected":false},"excerpt":{"rendered":"<p>[vc_row full_width=&#8221;stretch_row&#8221; css=&#8221;.vc_custom_1674831747619{padding-top: 100px !important;padding-bottom: 80px !important;background-color: #f5f5f5 !important;}&#8221;][vc_column css=&#8221;.vc_custom_1541586968176{padding-right: 40px !important;}&#8221; offset=&#8221;vc_col-lg-6&#8243;][vc_row_inner][vc_column_inner css=&#8221;.vc_custom_1541586958015{padding-right: 0px !important;padding-left: 0px !important;}&#8221;][\/vc_column_inner][\/vc_row_inner][vc_row_inner css=&#8221;.vc_custom_1539771982364{margin-top: 25px [&hellip;]<\/p>\n","protected":false},"author":1,"featured_media":0,"parent":0,"menu_order":0,"comment_status":"closed","ping_status":"closed","template":"","meta":{"footnotes":""},"class_list":["post-5722","page","type-page","status-publish","hentry"],"_links":{"self":[{"href":"https:\/\/www.cdad.avrilcommunication.net\/wordpress\/wp-json\/wp\/v2\/pages\/5722","targetHints":{"allow":["GET"]}}],"collection":[{"href":"https:\/\/www.cdad.avrilcommunication.net\/wordpress\/wp-json\/wp\/v2\/pages"}],"about":[{"href":"https:\/\/www.cdad.avrilcommunication.net\/wordpress\/wp-json\/wp\/v2\/types\/page"}],"author":[{"embeddable":true,"href":"https:\/\/www.cdad.avrilcommunication.net\/wordpress\/wp-json\/wp\/v2\/users\/1"}],"replies":[{"embeddable":true,"href":"https:\/\/www.cdad.avrilcommunication.net\/wordpress\/wp-json\/wp\/v2\/comments?post=5722"}],"version-history":[{"count":17,"href":"https:\/\/www.cdad.avrilcommunication.net\/wordpress\/wp-json\/wp\/v2\/pages\/5722\/revisions"}],"predecessor-version":[{"id":7529,"href":"https:\/\/www.cdad.avrilcommunication.net\/wordpress\/wp-json\/wp\/v2\/pages\/5722\/revisions\/7529"}],"wp:attachment":[{"href":"https:\/\/www.cdad.avrilcommunication.net\/wordpress\/wp-json\/wp\/v2\/media?parent=5722"}],"curies":[{"name":"wp","href":"https:\/\/api.w.org\/{rel}","templated":true}]}}