{"id":5736,"date":"2018-10-22T13:46:53","date_gmt":"2018-10-22T13:46:53","guid":{"rendered":"https:\/\/www.ekko-wp.com\/?page_id=5736"},"modified":"2025-01-14T16:38:34","modified_gmt":"2025-01-14T15:38:34","slug":"acces-droit","status":"publish","type":"page","link":"https:\/\/www.cdad.avrilcommunication.net\/wordpress\/acces-droit\/","title":{"rendered":"Acc\u00e8s au droit"},"content":{"rendered":"<section class=\"wpb-content-wrapper\"><p>[vc_row full_width=&#8221;stretch_row&#8221; css=&#8221;.vc_custom_1674834388673{padding-top: 150px !important;padding-bottom: 250px !important;background-image: url(http:\/\/www.cdad.avrilcommunication.net\/wordpress\/wp-content\/uploads\/2023\/01\/AdobeStock_462233175-1-scaled.jpeg?id=7463) !important;background-position: center !important;background-repeat: no-repeat !important;background-size: cover !important;}&#8221; el_class=&#8221;under-menu-topbar&#8221;][vc_column]<header class=\"kd-section-title vc_col-lg-6 vc_col-sm-8 text-center     vc_custom_1736867438686\" ><h1 class=\"separator_off\" >Les professionnels du droit<\/h1><h6 class=\"subtitle \" >Les professionnels de la justice et du droit interviennent dans le respect de la confidentialit\u00e9 des \u00e9changes.<\/h6><\/header>[\/vc_column][\/vc_row][vc_row css=&#8221;.vc_custom_1555675892398{margin-top: -100px !important;margin-right: -15px !important;margin-left: -15px !important;background-color: #ffffff !important;}&#8221;][vc_column css=&#8221;.vc_custom_1555676580479{margin-top: -1px !important;padding-right: 0px !important;padding-left: 0px !important;}&#8221;][vc_tta_tabs active_section=&#8221;1&#8243; css=&#8221;.vc_custom_1555676595790{margin-top: -1px !important;}&#8221;][vc_tta_section i_type=&#8221;linecons&#8221; i_icon_linecons=&#8221;vc_li vc_li-diamond&#8221; add_icon=&#8221;true&#8221; title=&#8221;Les juridictions&#8221; tab_id=&#8221;1488725417825-2758920e-e7efd3eb-d2400966-8526&#8243;][vc_row_inner css=&#8221;.vc_custom_1536153128553{padding-top: 80px !important;padding-bottom: 80px !important;}&#8221;][vc_column_inner css=&#8221;.vc_custom_1541432789170{padding-right: 100px !important;}&#8221; offset=&#8221;vc_col-lg-8&#8243;][vc_toggle title=&#8221;Tribunal judiciaire de Beauvais&#8221; css_animation=&#8221;none&#8221; el_id=&#8221;1486465455111-0cc2408f-96b7&#8243;]<\/p>\n<ul>\n<li>20 Boulevard Saint Jean 60021 BEAUVAIS<\/li>\n<\/ul>\n<p>T\u00e9l : 03 44 79 60 60<\/p>\n<p>Email\u00a0: <a href=\"mailto:accueil.tj-beauvais@justice.fr\">accueil.tj-beauvais@justice.fr<\/a>[\/vc_toggle][vc_toggle title=&#8221;Tribunal judiciaire de Compi\u00e8gne&#8221; css_animation=&#8221;none&#8221; el_id=&#8221;1489502905563-e29b0d23-e63e&#8221;]<\/p>\n<ul>\n<li>11 rue Henri de S\u00e9roux 60200 COMPI\u00c9GNE<\/li>\n<\/ul>\n<p>03 44 38 35 24<span class=\"Apple-converted-space\">\u00a0<\/span><\/p>\n<p>Email\u00a0: <a href=\"mailto:tj-compiegne@justice.fr\">tj-compiegne@justice.fr<\/a>[\/vc_toggle][vc_toggle title=&#8221;Tribunal judiciaire de Senlis&#8221; css_animation=&#8221;none&#8221; el_id=&#8221;1489502905062-f32a7618-e6e0&#8243;]<\/p>\n<ul>\n<li>26 All\u00e9e des Soupirs 60309 SENLIS<\/li>\n<\/ul>\n<p>03 44 53 91 00<\/p>\n<p>Email\u00a0: <a href=\"mailto:tj-senlis@justice.fr\">tj-senlis@justice.fr<\/a>[\/vc_toggle][\/vc_column_inner][vc_column_inner offset=&#8221;vc_col-lg-4&#8243;]<header class=\"kd-section-title col-lg-12 text-left     vc_custom_1736868299444\" ><h3 class=\"separator_off\" >Les acteurs de la justice \u00e0 vos c\u00f4t\u00e9s<\/h3><h6 class=\"subtitle \" >Des professionnels engag\u00e9s, des juridictions accessibles, et une confidentialit\u00e9 garantie.<\/h6><\/header>[\/vc_column_inner][\/vc_row_inner][\/vc_tta_section][vc_tta_section i_type=&#8221;linecons&#8221; i_icon_linecons=&#8221;vc_li vc_li-location&#8221; add_icon=&#8221;true&#8221; title=&#8221;Les avocats&#8221; tab_id=&#8221;1489503964921-3acbdde1-0dcfd3eb-d2400966-8526&#8243;][vc_row_inner css=&#8221;.vc_custom_1536153133969{padding-top: 80px !important;padding-bottom: 80px !important;}&#8221;][vc_column_inner css=&#8221;.vc_custom_1541432793273{padding-right: 100px !important;}&#8221; offset=&#8221;vc_col-lg-8&#8243;][vc_toggle title=&#8221;Ordre des avocats du Barreau de Compi\u00e8gne&#8221; css_animation=&#8221;none&#8221; el_id=&#8221;1489503965078-f3a803ee-ee0e&#8221;]<\/p>\n<ul>\n<li>5 rue Henri de S\u00e9roux 60200 COMPIEGNE<\/li>\n<\/ul>\n<p><a href=\"http:\/\/www.avocats-compiegne.fr\">www.avocats-compiegne.fr<\/a>[\/vc_toggle][vc_toggle title=&#8221;Ordre des avocats du Barreau de Beauvais&#8221; css_animation=&#8221;none&#8221; el_id=&#8221;1489503965135-7fd256e5-cb3a&#8221;]<\/p>\n<ul>\n<li>Palais de Justice 20 Boulevard Saint Jean BP 325 60021 BEAUVAIS cedex<\/li>\n<\/ul>\n<p><a href=\"https:\/\/www.avocats-beauvais.org\">https:\/\/www.avocats-beauvais.org<\/a>[\/vc_toggle][vc_toggle title=&#8221;Ordre des avocats du Barreau de Senlis&#8221; css_animation=&#8221;none&#8221; el_id=&#8221;1489503965197-ebede312-68b5&#8243;]<\/p>\n<ul>\n<li>Palais de Justice 26 All\u00e9e des Soupirs BP 10175 60306 SENLIS<\/li>\n<\/ul>\n<p><a href=\"https:\/\/senlis-avocats.fr\">https:\/\/senlis-avocats.fr\/<\/a>[\/vc_toggle][vc_empty_space][vc_column_text]<\/p>\n<h3><strong>LES CONSULTATIONS GRATUITES D\u2019AVOCATS<\/strong><\/h3>\n<p>Les avocats des 3 barreaux de l\u2019Oise (Beauvais, Senlis, Compi\u00e8gne) dispensent des consultations juridiques gratuitement pour les personnes dont les ressources correspondent au plafond du bar\u00e8me de l\u2019aide juridictionnelle partielle.<\/p>\n<ul>\n<li>Pour une consultation d\u2019avocat des barreaux de Beauvais et Compi\u00e8gne, le rendez-vous est \u00e0 prendre par le biais du CDAD de l\u2019Oise (<a href=\"tel:0785652714\">07 85 65 27 14<\/a> ou <a href=\"tel:3039\">3039<\/a>).<\/li>\n<li>Pour une consultation d\u2019avocat du barreau de Senlis, le rendez-vous est \u00e0 prendre au secr\u00e9tariat de l\u2019Ordre (<a href=\"tel:0344536689\">03 44 53 66 89<\/a>) ou \u00e0 la MJD de Creil (<a href=\"tel:03 44 64 46 70\">03 44 64 46 70<\/a>).<\/li>\n<li>Pour une consultation d\u2019avocat du barreau de Compi\u00e8gne \u00e0 proximit\u00e9 de Noyon, le rendez-vous est \u00e0 prendre \u00e0 la MJD de Noyon (<a href=\"tel:03 65 35 04 30\">03 65 35 04 30<\/a>).<\/li>\n<\/ul>\n<p>[\/vc_column_text][\/vc_column_inner][vc_column_inner offset=&#8221;vc_col-lg-4&#8243;]<header class=\"kd-section-title col-lg-12 text-left    \" ><h3 class=\"separator_off\" >Les avocats, vos conseillers juridiques<\/h3><h6 class=\"subtitle \" >Un accompagnement personnalis\u00e9 dans le respect de la d\u00e9ontologie et de la confidentialit\u00e9.<\/h6><\/header>[\/vc_column_inner][\/vc_row_inner][\/vc_tta_section][vc_tta_section i_type=&#8221;linecons&#8221; i_icon_linecons=&#8221;vc_li vc_li-paperplane&#8221; add_icon=&#8221;true&#8221; title=&#8221;Les notaires&#8221; tab_id=&#8221;1489503963784-5b2be039-5ceed3eb-d2400966-8526&#8243;][vc_row_inner css=&#8221;.vc_custom_1536153139097{padding-top: 80px !important;padding-bottom: 80px !important;}&#8221;][vc_column_inner css=&#8221;.vc_custom_1541432797081{padding-right: 100px !important;}&#8221; offset=&#8221;vc_col-lg-8&#8243;][vc_toggle title=&#8221;Chambre interd\u00e9partementale des notaires de Picardie&#8221; css_animation=&#8221;none&#8221; el_id=&#8221;1489503963926-38745a47-05f3&#8243;]11 place d\u2019Aguesseau 80000 AMIENS<\/p>\n<p>Tel\u00a0: 03 22 82 08 92<span class=\"Apple-converted-space\">\u00a0<\/span><\/p>\n<p>Email\u00a0: ci.picardie@notaires.fr<\/p>\n<p><a href=\"https:\/\/www.picardie.notaires.fr\">https:\/\/www.picardie.notaires.fr<\/a>[\/vc_toggle][\/vc_column_inner][vc_column_inner offset=&#8221;vc_col-lg-4&#8243;]<header class=\"kd-section-title col-lg-12 text-left    \" ><h3 class=\"separator_off\" >Les notaires, experts en droit.<\/h3><h6 class=\"subtitle \" >Un conseil s\u00e9curis\u00e9 pour vos actes juridiques et vos projets de vie.<\/h6><\/header>[vc_empty_space height=&#8221;10px&#8221;]<a  href=\"#\"  target=\"_self\"  title=\"\" class=\"tt_button tt_primary_button btn_primary_color  pull-left button-action-link\" ><span class=\"prim_text\">Read more<\/span><\/a>[\/vc_column_inner][\/vc_row_inner][\/vc_tta_section][\/vc_tta_tabs][\/vc_column][\/vc_row][vc_row full_width=&#8221;stretch_row&#8221; css=&#8221;.vc_custom_1555676250559{margin-top: 20px !important;border-top-width: 1px !important;border-bottom-width: 1px !important;border-top-color: #eaeaea !important;border-top-style: solid !important;border-bottom-color: #eaeaea !important;border-bottom-style: solid !important;}&#8221;][vc_column][vc_row_inner css=&#8221;.vc_custom_1513764983907{padding-top: 100px !important;padding-bottom: 100px !important;}&#8221;][vc_column_inner width=&#8221;1\/3&#8243;]<div class=\"kd_counter icon-top   \" ><div class=\"kd_counter_content\"><h4 class=\"kd_counter_number\"><span class=\"kd_number_string\"  data-from=\"0\" data-to=\"3\" data-refresh-interval=\"50\" >0<\/span>\n                                  <span class=\"kd_counter_units\" >Tribunaux judiciaires<\/span><\/h4><\/div><\/div>[\/vc_column_inner][vc_column_inner width=&#8221;1\/3&#8243;]<div class=\"kd_counter icon-top   \" ><div class=\"kd_counter_content\"><h4 class=\"kd_counter_number\"><span class=\"kd_number_string\"  data-from=\"0\" data-to=\"230\" data-refresh-interval=\"50\" >0<\/span>\n                                  <span class=\"kd_counter_units\" >Avocats \u00e0 votre service<\/span><\/h4><\/div><\/div>[\/vc_column_inner][vc_column_inner width=&#8221;1\/3&#8243;]<div class=\"kd_counter icon-top   \" ><div class=\"kd_counter_content\"><h4 class=\"kd_counter_number\"><span class=\"kd_number_string\"  data-from=\"0\" data-to=\"370\" data-refresh-interval=\"50\" >0<\/span>\n                                  <span class=\"kd_counter_units\" >Notaires en Picardie<\/span><\/h4><\/div><\/div>[\/vc_column_inner][\/vc_row_inner][\/vc_column][\/vc_row]<\/p>\n<\/section>","protected":false},"excerpt":{"rendered":"<p>[vc_row full_width=&#8221;stretch_row&#8221; css=&#8221;.vc_custom_1674834388673{padding-top: 150px !important;padding-bottom: 250px !important;background-image: url(http:\/\/www.cdad.avrilcommunication.net\/wordpress\/wp-content\/uploads\/2023\/01\/AdobeStock_462233175-1-scaled.jpeg?id=7463) !important;background-position: center !important;background-repeat: no-repeat !important;background-size: cover !important;}&#8221; el_class=&#8221;under-menu-topbar&#8221;][vc_column][\/vc_column][\/vc_row][vc_row css=&#8221;.vc_custom_1555675892398{margin-top: -100px !important;margin-right: -15px [&hellip;]<\/p>\n","protected":false},"author":1,"featured_media":0,"parent":0,"menu_order":0,"comment_status":"closed","ping_status":"closed","template":"","meta":{"footnotes":""},"class_list":["post-5736","page","type-page","status-publish","hentry"],"_links":{"self":[{"href":"https:\/\/www.cdad.avrilcommunication.net\/wordpress\/wp-json\/wp\/v2\/pages\/5736","targetHints":{"allow":["GET"]}}],"collection":[{"href":"https:\/\/www.cdad.avrilcommunication.net\/wordpress\/wp-json\/wp\/v2\/pages"}],"about":[{"href":"https:\/\/www.cdad.avrilcommunication.net\/wordpress\/wp-json\/wp\/v2\/types\/page"}],"author":[{"embeddable":true,"href":"https:\/\/www.cdad.avrilcommunication.net\/wordpress\/wp-json\/wp\/v2\/users\/1"}],"replies":[{"embeddable":true,"href":"https:\/\/www.cdad.avrilcommunication.net\/wordpress\/wp-json\/wp\/v2\/comments?post=5736"}],"version-history":[{"count":12,"href":"https:\/\/www.cdad.avrilcommunication.net\/wordpress\/wp-json\/wp\/v2\/pages\/5736\/revisions"}],"predecessor-version":[{"id":7537,"href":"https:\/\/www.cdad.avrilcommunication.net\/wordpress\/wp-json\/wp\/v2\/pages\/5736\/revisions\/7537"}],"wp:attachment":[{"href":"https:\/\/www.cdad.avrilcommunication.net\/wordpress\/wp-json\/wp\/v2\/media?parent=5736"}],"curies":[{"name":"wp","href":"https:\/\/api.w.org\/{rel}","templated":true}]}}