{"id":5742,"date":"2018-10-22T13:47:32","date_gmt":"2018-10-22T13:47:32","guid":{"rendered":"https:\/\/www.ekko-wp.com\/?page_id=5742"},"modified":"2025-01-14T17:29:47","modified_gmt":"2025-01-14T16:29:47","slug":"points-justice","status":"publish","type":"page","link":"https:\/\/www.cdad.avrilcommunication.net\/wordpress\/points-justice\/","title":{"rendered":"Les points justice"},"content":{"rendered":"<section class=\"wpb-content-wrapper\"><p>[vc_row full_width=&#8221;stretch_row_content_no_spaces&#8221; css=&#8221;.vc_custom_1539595293830{background-color: #f5f5f5 !important;}&#8221;][vc_column width=&#8221;1\/2&#8243; offset=&#8221;vc_col-lg-6 vc_col-md-12&#8243;][vc_row_inner css=&#8221;.vc_custom_1539595317116{padding-top: 150px !important;}&#8221;][vc_column_inner width=&#8221;1\/4&#8243; offset=&#8221;vc_hidden-xs&#8221;][\/vc_column_inner][vc_column_inner width=&#8221;1\/2&#8243; css=&#8221;.vc_custom_1736871934474{padding-bottom: 20px !important;}&#8221;]<header class=\"kd-section-title col-lg-12 text-left  kd-animated fadeIn  \" data-animation-delay=200><h2 class=\"separator_off\" >D\u00e9couvrir les points-justice<\/h2><h6 class=\"subtitle \" >Venez \u00e0 notre rencontre.... Gratuits et accessibles \u00e0 tous, les points-justice vous permettent d\u2019obtenir une information et une orientation juridique<\/h6><\/header>[\/vc_column_inner][vc_column_inner width=&#8221;1\/4&#8243; offset=&#8221;vc_hidden-xs&#8221;][\/vc_column_inner][\/vc_row_inner][\/vc_column][vc_column width=&#8221;1\/2&#8243; css=&#8221;.vc_custom_1522315574795{padding-top: 0px !important;}&#8221; offset=&#8221;vc_col-lg-6 vc_col-md-12&#8243;][vc_row_inner css=&#8221;.vc_custom_1674837104082{padding-top: 200px !important;padding-bottom: 200px !important;background-image: url(http:\/\/www.cdad.avrilcommunication.net\/wordpress\/wp-content\/uploads\/2023\/01\/Annexe1logo4.jpg?id=7428) !important;background-position: center !important;background-repeat: no-repeat !important;background-size: cover !important;}&#8221;][vc_column_inner css=&#8221;.vc_custom_1511789291663{padding-top: 0px !important;padding-bottom: 0px !important;}&#8221;][vc_empty_space height=&#8221;20px&#8221;][\/vc_column_inner][\/vc_row_inner][\/vc_column][\/vc_row][vc_row full_width=&#8221;stretch_row&#8221;][vc_column css=&#8221;.vc_custom_1516009024901{padding-right: 0px !important;padding-left: 0px !important;}&#8221;][vc_row_inner css=&#8221;.vc_custom_1511348417220{padding-top: 100px !important;padding-bottom: 100px !important;}&#8221;][vc_column_inner width=&#8221;1\/4&#8243;]<div class=\"key-icon-box icon-default icon-top cont-center ib-hover-1  kd-animated fadeInUp\" style=\"background-color: #ffffff;\" ><div class=\"ib-wrapper\"><i class=\"fas fa-map-marked-alt\" style=\" color: #469778;\"><\/i> <h5 class=\"service-heading\" >Point-Justice de Beauvais<\/h5><\/div><\/div>[vc_column_text]<\/p>\n<blockquote>\n<p style=\"text-align: center;\"><em>Accueil en pr\u00e9sentiel du public le mardi de 9h \u00e0 12h<\/em><\/p>\n<\/blockquote>\n<p style=\"text-align: center;\">Tribunal judiciaire<br \/>\n20 Boulevard Saint Jean &#8211; 60000 BEAUVAIS<\/p>\n<p style=\"text-align: center;\"><strong>Permanence t\u00e9l\u00e9phonique <\/strong><\/p>\n<p style=\"text-align: center;\">T\u00e9l <a href=\"tel:07 85 65 27 14\">07 85 65 27 14<\/a><\/p>\n<p style=\"text-align: center;\">Mail\u00a0: <a href=\"mailto:cdad-oise@justice.fr\">cdad-oise@justice.fr<\/a><\/p>\n<p>[\/vc_column_text][\/vc_column_inner][vc_column_inner width=&#8221;1\/4&#8243;]<div class=\"key-icon-box icon-default icon-top cont-center ib-hover-1  kd-animated fadeInUp\" style=\"background-color: #ffffff;\" ><div class=\"ib-wrapper\"><i class=\"fas fa-map-marked-alt\" style=\" color: #469778;\"><\/i> <h5 class=\"service-heading\" >Point-Justice de Clermont<\/h5><\/div><\/div>[vc_column_text]<\/p>\n<blockquote>\n<p style=\"text-align: center;\">Sur RDV<\/p>\n<p style=\"text-align: center;\">Au<a href=\"tel:07 85 16 23 11\"> 07 85 16 23 11<\/a><\/p>\n<\/blockquote>\n<p style=\"text-align: center;\">Maison de la Citoyennet\u00e9 et des Services \/ France services<br \/>\nSquare Marcel Pagnol &#8211; 60600 CLERMONT<\/p>\n<p>[\/vc_column_text][\/vc_column_inner][vc_column_inner width=&#8221;1\/4&#8243;]<div class=\"key-icon-box icon-default icon-top cont-center ib-hover-1  kd-animated fadeInUp\" style=\"background-color: #ffffff;\" ><div class=\"ib-wrapper\"><i class=\"fas fa-map-marked-alt\" style=\" color: #469778;\"><\/i> <h5 class=\"service-heading\" >Point-justice centre de d\u00e9tention de Beauvais<\/h5><\/div><\/div>[vc_column_text]<\/p>\n<blockquote>\n<p style=\"text-align: center;\">1er et 3e mercredi du mois de 9h \u00e0 11h sur rdv<\/p>\n<p>&nbsp;<\/p><\/blockquote>\n<p style=\"text-align: center;\">Le d\u00e9tenu peut faire une demande de rdv aupr\u00e8s du SPIP de l\u2019\u00e9tablissement p\u00e9nitentiaire<\/p>\n<p>[\/vc_column_text][\/vc_column_inner][vc_column_inner width=&#8221;1\/4&#8243;]<div class=\"key-icon-box icon-default icon-top cont-center ib-hover-1  kd-animated fadeInUp\" style=\"background-color: #ffffff;\" ><div class=\"ib-wrapper\"><i class=\"fas fa-map-marked-alt\" style=\" color: #469778;\"><\/i> <h5 class=\"service-heading\" >Point-justice centre de d\u00e9tention de Liancourt<\/h5><\/div><\/div>[vc_column_text]<\/p>\n<blockquote>\n<p style=\"text-align: center;\">2e mercredi du mois de 9h \u00e012h sur rdv<\/p>\n<p>&nbsp;<\/p><\/blockquote>\n<p style=\"text-align: center;\">Le d\u00e9tenu peut faire une demande de rdv aupr\u00e8s du SPIP de l\u2019\u00e9tablissement p\u00e9nitentiaire<\/p>\n<p>[\/vc_column_text][\/vc_column_inner][\/vc_row_inner][\/vc_column][\/vc_row][vc_row full_width=&#8221;stretch_row&#8221;][vc_column css=&#8221;.vc_custom_1516009024901{padding-right: 0px !important;padding-left: 0px !important;}&#8221;]<header class=\"kd-section-title vc_col-lg-6 vc_col-sm-8 text-center solid-line sep-border-width-2    \" ><h2 class=\"separator_on\" >LES MAISONS DE JUSTICE ET DE DROIT<\/h2><div class=\"kd-separator below_title\" ><div class=\"kd-separator-line\" ><\/div><\/div><h6 class=\"subtitle \" >Les maisons de justice et du droit, \u00e9tablissements judiciaires de proximit\u00e9, vous accueillent gratuitement pour vous faciliter l'acc\u00e8s au droit.<\/h6><\/header>[vc_row_inner css=&#8221;.vc_custom_1736871687153{padding-top: 50px !important;padding-bottom: 50px !important;}&#8221;][vc_column_inner width=&#8221;1\/3&#8243;]<div class=\"key-icon-box icon-default icon-top cont-center ib-hover-1  kd-animated fadeInUp\" style=\"background-color: #ffffff;\" ><div class=\"ib-wrapper\"><i class=\"fas fa-map-marked-alt\" style=\" color: #469778;\"><\/i> <h5 class=\"service-heading\" >Maison de Justice et du Droit de M\u00e9ru et du Vexin-Thelle-Sablons<\/h5><\/div><\/div>[vc_column_text]<\/p>\n<blockquote>\n<p style=\"text-align: center;\">Rues du Dr Graillon et Louis Bloquet &#8211; 60110 MERU<\/p>\n<p style=\"text-align: center;\">T\u00e9l 03 44 52 33 90<\/p>\n<p style=\"text-align: center;\">Email\u00a0: <a href=\"mailto:mjd-meru@justice.fr\">mjd-meru@justice.fr<\/a><\/p>\n<\/blockquote>\n<p>[\/vc_column_text][\/vc_column_inner][vc_column_inner width=&#8221;1\/3&#8243;]<div class=\"key-icon-box icon-default icon-top cont-center ib-hover-1  kd-animated fadeInUp\" style=\"background-color: #ffffff;\" ><div class=\"ib-wrapper\"><i class=\"fas fa-map-marked-alt\" style=\" color: #469778;\"><\/i> <h5 class=\"service-heading\" >Maison de Justice et du Droit de Creil<\/h5><\/div><\/div>[vc_column_text]<\/p>\n<blockquote>\n<p style=\"text-align: center;\">26 rue Voltaire &#8211; 60100 CREIL<\/p>\n<p style=\"text-align: center;\">T\u00e9l\u00a0: 03 44 64 46 70<\/p>\n<p style=\"text-align: center;\">Email\u00a0: <a href=\"mailto:mjd-creil@justice.fr\">mjd-creil@justice.fr<\/a><\/p>\n<p style=\"text-align: center;\">\n<\/blockquote>\n<p>[\/vc_column_text][\/vc_column_inner][vc_column_inner width=&#8221;1\/3&#8243;]<div class=\"key-icon-box icon-default icon-top cont-center ib-hover-1  kd-animated fadeInUp\" style=\"background-color: #ffffff;\" ><div class=\"ib-wrapper\"><i class=\"fas fa-map-marked-alt\" style=\" color: #469778;\"><\/i> <h5 class=\"service-heading\" >Maison de Justice et du Droit de Noyon<\/h5><\/div><\/div>[vc_column_text]<\/p>\n<blockquote>\n<p style=\"text-align: center;\">Espace Jaur\u00e8s &#8211; 11 rue Albert de Mun &#8211; 60400 NOYON<\/p>\n<p style=\"text-align: center;\">T\u00e9l\u00a0: 03 65 35 04 30<\/p>\n<p style=\"text-align: center;\">Email\u00a0: <a href=\"mailto:mjd-noyon@justice.fr\">mjd-noyon@justice.fr<\/a><\/p>\n<p style=\"text-align: center;\">\n<\/blockquote>\n<p>[\/vc_column_text][\/vc_column_inner][\/vc_row_inner][\/vc_column][\/vc_row][vc_row css=&#8221;.vc_custom_1674837699941{padding-top: 60px !important;background-color: #f5f5f5 !important;background-position: center !important;background-repeat: no-repeat !important;background-size: cover !important;}&#8221;][vc_column]<header class=\"kd-section-title vc_col-lg-6 vc_col-sm-8 text-center solid-line sep-border-width-2     vc_custom_1736871249299\" ><h2 class=\"separator_on\" >LES CONSULTATIONS GRATUITES D\u2019AVOCATS<\/h2><div class=\"kd-separator below_title\" ><div class=\"kd-separator-line\" ><\/div><\/div><h6 class=\"subtitle \" >Les avocats des 3 barreaux de l\u2019Oise (Beauvais, Senlis, Compi\u00e8gne) dispensent des consultations juridiques gratuitement pour les personnes dont les ressources correspondent au plafond du bar\u00e8me de l\u2019aide juridictionnelle partielle.<\/h6><\/header>[\/vc_column][\/vc_row][vc_row full_width=&#8221;stretch_row&#8221; css=&#8221;.vc_custom_1555659057389{background-color: #f5f5f5 !important;}&#8221;][vc_column css=&#8221;.vc_custom_1515752113308{padding-right: 0px !important;padding-left: 0px !important;}&#8221;][vc_row_inner css=&#8221;.vc_custom_1515146911247{padding-top: 100px !important;padding-bottom: 100px !important;}&#8221;][vc_column_inner css=&#8221;.vc_custom_1541160105116{padding-right: 45px !important;}&#8221; offset=&#8221;vc_col-lg-8 vc_col-md-8&#8243;][vc_column_text]<\/p>\n<ul>\n<li><strong>Pour une consultation d\u2019avocat des barreaux de Beauvais et Compi\u00e8gne<\/strong>, le rendez-vous est \u00e0 prendre par le biais du CDAD de l\u2019Oise (07 85 65 27 14 ou 3039).<\/li>\n<li><strong>Pour une consultation d\u2019avocat du barreau de Senlis<\/strong>, le rendez-vous est \u00e0 prendre au secr\u00e9tariat de l\u2019Ordre (03 44 53 66 89) ou \u00e0 la MJD de Creil (03 44 64 46 70).<\/li>\n<li><strong>Pour une consultation d\u2019avocat du barreau de Compi\u00e8gne<\/strong> \u00e0 proximit\u00e9 de Noyon, le rendez-vous est \u00e0 prendre \u00e0 la MJD de Noyon (03 65 35 04 30).<\/li>\n<\/ul>\n<p>[\/vc_column_text][\/vc_column_inner][vc_column_inner offset=&#8221;vc_col-lg-4 vc_col-md-4&#8243;][vc_custom_heading text=&#8221;Besoin d&#8217;un avocat ?&#8221; font_container=&#8221;tag:h4|text_align:left&#8221; use_theme_fonts=&#8221;yes&#8221; css=&#8221;.vc_custom_1736872039665{margin-top: px !important;}&#8221;][vc_column_text]Un avocat est l\u00e0 pour vous conseiller, vous d\u00e9fendre et vous accompagner dans vos d\u00e9marches juridiques. Retrouvez sur notre site les coordonn\u00e9es des Barreaux de l&#8217;Oise.[\/vc_column_text]<a  href=\"https:\/\/www.cdad.avrilcommunication.net\/wordpress\/acces-droit\/\"  target=\"_self\"  title=\"Acc\u00e8s au droit\" class=\"tt_button tt_primary_button btn_primary_color  pull-left button-action-link\" ><span class=\"prim_text\">En savoir +<\/span><\/a>[\/vc_column_inner][\/vc_row_inner][\/vc_column][\/vc_row][vc_row full_width=&#8221;stretch_row&#8221;][vc_column][vc_row_inner css=&#8221;.vc_custom_1511348417220{padding-top: 100px !important;padding-bottom: 100px !important;}&#8221;][vc_column_inner width=&#8221;1\/4&#8243;][\/vc_column_inner][vc_column_inner width=&#8221;1\/2&#8243;]<header class=\"kd-section-title col-lg-12 text-center  kd-animated fadeIn   vc_custom_1736872138609\" data-animation-delay=200><h2 class=\"separator_off\" >Vous n'avez pas trouv\u00e9 l'information recherch\u00e9e ?<\/h2><h6 class=\"subtitle \" >Poser nous vos questions en remplissant le formulaire d\u00e9di\u00e9.<\/h6><\/header><a  href=\"https:\/\/www.cdad.avrilcommunication.net\/wordpress\/contact\/\"  target=\"_self\"  title=\"Contact\" class=\"tt_button tt_primary_button btn_primary_color  button-center button-action-link  kd-animated zoomIn\" data-animation-delay=200><span class=\"prim_text\">Contactez-nous<\/span><\/a>[vc_empty_space height=&#8221;25px&#8221;][\/vc_column_inner][vc_column_inner width=&#8221;1\/4&#8243;][\/vc_column_inner][\/vc_row_inner][\/vc_column][\/vc_row]<\/p>\n<\/section>","protected":false},"excerpt":{"rendered":"<p>[vc_row full_width=&#8221;stretch_row_content_no_spaces&#8221; css=&#8221;.vc_custom_1539595293830{background-color: #f5f5f5 !important;}&#8221;][vc_column width=&#8221;1\/2&#8243; offset=&#8221;vc_col-lg-6 vc_col-md-12&#8243;][vc_row_inner css=&#8221;.vc_custom_1539595317116{padding-top: 150px !important;}&#8221;][vc_column_inner width=&#8221;1\/4&#8243; offset=&#8221;vc_hidden-xs&#8221;][\/vc_column_inner][vc_column_inner width=&#8221;1\/2&#8243; css=&#8221;.vc_custom_1736871934474{padding-bottom: 20px !important;}&#8221;][\/vc_column_inner][vc_column_inner width=&#8221;1\/4&#8243; offset=&#8221;vc_hidden-xs&#8221;][\/vc_column_inner][\/vc_row_inner][\/vc_column][vc_column width=&#8221;1\/2&#8243; [&hellip;]<\/p>\n","protected":false},"author":1,"featured_media":0,"parent":0,"menu_order":0,"comment_status":"closed","ping_status":"closed","template":"","meta":{"footnotes":""},"class_list":["post-5742","page","type-page","status-publish","hentry"],"_links":{"self":[{"href":"https:\/\/www.cdad.avrilcommunication.net\/wordpress\/wp-json\/wp\/v2\/pages\/5742","targetHints":{"allow":["GET"]}}],"collection":[{"href":"https:\/\/www.cdad.avrilcommunication.net\/wordpress\/wp-json\/wp\/v2\/pages"}],"about":[{"href":"https:\/\/www.cdad.avrilcommunication.net\/wordpress\/wp-json\/wp\/v2\/types\/page"}],"author":[{"embeddable":true,"href":"https:\/\/www.cdad.avrilcommunication.net\/wordpress\/wp-json\/wp\/v2\/users\/1"}],"replies":[{"embeddable":true,"href":"https:\/\/www.cdad.avrilcommunication.net\/wordpress\/wp-json\/wp\/v2\/comments?post=5742"}],"version-history":[{"count":43,"href":"https:\/\/www.cdad.avrilcommunication.net\/wordpress\/wp-json\/wp\/v2\/pages\/5742\/revisions"}],"predecessor-version":[{"id":7567,"href":"https:\/\/www.cdad.avrilcommunication.net\/wordpress\/wp-json\/wp\/v2\/pages\/5742\/revisions\/7567"}],"wp:attachment":[{"href":"https:\/\/www.cdad.avrilcommunication.net\/wordpress\/wp-json\/wp\/v2\/media?parent=5742"}],"curies":[{"name":"wp","href":"https:\/\/api.w.org\/{rel}","templated":true}]}}