{"id":7421,"date":"2019-04-24T12:52:16","date_gmt":"2019-04-24T12:52:16","guid":{"rendered":"https:\/\/www.ekko-wp.com\/demo-content\/?page_id=7421"},"modified":"2024-12-10T19:34:50","modified_gmt":"2024-12-10T18:34:50","slug":"home-corporate","status":"publish","type":"page","link":"https:\/\/www.cdad.avrilcommunication.net\/wordpress\/","title":{"rendered":"Accueil"},"content":{"rendered":"<section class=\"wpb-content-wrapper\"><p>[vc_row el_class=&#8221;under-menu-topbar&#8221; css=&#8221;.vc_custom_1674841158890{padding-top: 20px !important;}&#8221;][vc_column][rev_slider_vc alias=&#8221;corporate-slider&#8221;][\/vc_column][\/vc_row][vc_row full_width=&#8221;stretch_row&#8221;][vc_column][vc_row_inner css=&#8221;.vc_custom_1553776229057{padding-top: 97px !important;padding-bottom: 97px !important;}&#8221;][vc_column_inner css=&#8221;.vc_custom_1541419127566{padding-right: 45px !important;padding-left: 0px !important;}&#8221; offset=&#8221;vc_col-lg-6&#8243;][vc_single_image source=&#8221;external_link&#8221; css_animation=&#8221;fadeIn&#8221; custom_src=&#8221;https:\/\/www.ekko-wp.com\/wp-content\/uploads\/sites\/3\/2019\/03\/corporate7.jpg&#8221;][\/vc_column_inner][vc_column_inner css=&#8221;.vc_custom_1553776260540{padding-top: 110px !important;padding-right: 0px !important;padding-left: 150px !important;}&#8221; offset=&#8221;vc_col-lg-offset-0 vc_col-lg-6 vc_col-md-offset-1 vc_col-sm-offset-1&#8243;]<header class=\"kd-section-title col-lg-12 text-left  kd-animated fadeIn  \" data-animation-delay=200><h2 class=\"separator_off\" >Informer, orienter, aider<\/h2><h6 class=\"subtitle \" >Le Centre de l'Acc\u00e8s au Droit de l'Oise est un groupement d\u2019int\u00e9r\u00eat public, plac\u00e9 sous l'autorit\u00e9 du pr\u00e9sident du tribunal judiciaire, qui a pour objet de favoriser l'acc\u00e8s \u00e0 l'information juridique gratuite pour tous et de promouvoir les modes de r\u00e8glement amiable des litiges.<\/h6><\/header>[vc_empty_space height=&#8221;15px&#8221;]<a  href=\"http:\/\/www.cdad.avrilcommunication.net\/wordpress\/le-cdad\/\"  target=\"_self\"  title=\"Le CDAD\" class=\"tt_button tt_primary_button btn_primary_color  pull-left button-action-link icon_right kd-animated zoomIn\" data-animation-delay=200><span class=\"prim_text\">D\u00e9couvrir le CDAD<\/span><span class=\" iconita\"><\/span><\/a>[\/vc_column_inner][\/vc_row_inner][\/vc_column][\/vc_row][vc_row full_width=&#8221;stretch_row_content_no_spaces&#8221; css=&#8221;.vc_custom_1550593258683{background-color: #f6f6f6 !important;}&#8221;][vc_column width=&#8221;1\/2&#8243; offset=&#8221;vc_col-lg-6 vc_col-md-12&#8243;][vc_row_inner content_placement=&#8221;top&#8221; css=&#8221;.vc_custom_1733855311959{padding-top: 120px !important;}&#8221;][vc_column_inner width=&#8221;1\/4&#8243; offset=&#8221;vc_hidden-xs&#8221;][\/vc_column_inner][vc_column_inner width=&#8221;1\/2&#8243; css=&#8221;.vc_custom_1522316169853{padding-bottom: 50px !important;}&#8221;]<header class=\"kd-section-title col-lg-12 text-left  kd-animated fadeIn  \" data-animation-delay=200><h2 class=\"separator_off\" >Notre accompagnement<\/h2><h6 class=\"subtitle \" >Toute personne, quel que soit son \u00e2ge, sa nationalit\u00e9, son niveau de vie ou le lieu o\u00f9 elle habite a le droit d\u2019\u00eatre inform\u00e9e sur ses droits et devoirs, afin d\u2019\u00eatre en mesure de les mettre en \u0153uvre, en dehors de tout proc\u00e8s. Dans un contexte o\u00f9 le droit est toujours plus complexe et \u00e9volue rapidement, de nombreuses personnes ignorent la nature et l\u2019\u00e9tendue de leurs droits. Pour lutter contre ce fait, l\u2019article 53 de la loi n\u00b091-647 du 10 juillet 1991 sur l\u2019aide juridique reconna\u00eet \u00e0 toute personne le droit de :<\/h6><\/header>[vc_empty_space height=&#8221;10px&#8221;][vc_toggle title=&#8221;1. \u00catre inform\u00e9&#8221; css_animation=&#8221;fadeIn&#8221;]B\u00e9n\u00e9ficier d\u2019une information g\u00e9n\u00e9rale sur ses droits et ses obligations et d\u2019une orientation vers les organismes charg\u00e9s de leur mise \u0153uvre.[\/vc_toggle][vc_toggle title=&#8221;2. \u00catre aid\u00e9&#8221; css_animation=&#8221;fadeIn&#8221;]dans l\u2019accomplissement de toute d\u00e9marche en vue de l\u2019exercice d\u2019un droit ou de l\u2019ex\u00e9cution d\u2019une obligation de nature juridique et d\u2019une assistance au cours de proc\u00e9dures non-juridictionnelles.[\/vc_toggle][vc_toggle title=&#8221;3. \u00catre accompagn\u00e9&#8221; css_animation=&#8221;fadeIn&#8221;]gr\u00e2ce \u00e0 des consultations juridiques ou encore une assistance pour la r\u00e9daction et la conclusion d\u2019actes juridiques.[\/vc_toggle][vc_empty_space height=&#8221;10px&#8221;]<a  href=\"http:\/\/www.cdad.avrilcommunication.net\/wordpress\/points-justice\/\"  target=\"_self\"  title=\"Les points justice\" class=\"tt_button tt_primary_button btn_primary_color  pull-left button-action-link icon_right kd-animated zoomIn\" data-animation-delay=200><span class=\"prim_text\">Trouver un point justice<\/span><span class=\" iconita\"><\/span><\/a>[\/vc_column_inner][vc_column_inner width=&#8221;1\/4&#8243; offset=&#8221;vc_hidden-sm vc_hidden-xs&#8221;][\/vc_column_inner][\/vc_row_inner][\/vc_column][vc_column width=&#8221;1\/2&#8243; css=&#8221;.vc_custom_1541520744863{padding-top: 0px !important;}&#8221; offset=&#8221;vc_col-lg-6 vc_col-md-12&#8243;][vc_row_inner content_placement=&#8221;middle&#8221; css=&#8221;.vc_custom_1733855248397{padding-top: 200px !important;padding-bottom: 200px !important;background-image: url(https:\/\/www.ekko-wp.com\/wp-content\/uploads\/sites\/3\/2019\/03\/corporate4.jpg?id=) !important;background-position: center !important;background-repeat: no-repeat !important;background-size: cover !important;}&#8221;][vc_column_inner css=&#8221;.vc_custom_1511789291663{padding-top: 0px !important;padding-bottom: 0px !important;}&#8221;][vc_empty_space height=&#8221;500px&#8221;][\/vc_column_inner][\/vc_row_inner][\/vc_column][\/vc_row][vc_row full_width=&#8221;stretch_row&#8221; css=&#8221;.vc_custom_1733855464405{padding-top: 130px !important;}&#8221;][vc_column css=&#8221;.vc_custom_1515677064675{padding-right: 0px !important;padding-left: 0px !important;}&#8221;][vc_row_inner][vc_column_inner]<header class=\"kd-section-title vc_col-lg-6 vc_col-sm-8 text-center  kd-animated fadeIn   vc_custom_1733855688228\" data-animation-delay=200><h2 class=\"separator_off\" >Les derni\u00e8res actualit\u00e9s<\/h2><h6 class=\"subtitle \" >Ne manquez rien de nos derni\u00e8res informations...<\/h6><\/header>[\/vc_column_inner][\/vc_row_inner][vc_row_inner css=&#8221;.vc_custom_1550662808810{padding-bottom: 130px !important;}&#8221;][vc_column_inner][vc_basic_grid post_type=&#8221;post&#8221; max_items=&#8221;3&#8243; gap=&#8221;20&#8243; item=&#8221;4339&#8243; grid_id=&#8221;vc_gid:1733855606400-ce87f1e4-0324-4&#8243;][\/vc_column_inner][\/vc_row_inner][\/vc_column][\/vc_row]<\/p>\n<\/section>","protected":false},"excerpt":{"rendered":"<p>[vc_row el_class=&#8221;under-menu-topbar&#8221; css=&#8221;.vc_custom_1674841158890{padding-top: 20px !important;}&#8221;][vc_column][rev_slider_vc alias=&#8221;corporate-slider&#8221;][\/vc_column][\/vc_row][vc_row full_width=&#8221;stretch_row&#8221;][vc_column][vc_row_inner css=&#8221;.vc_custom_1553776229057{padding-top: 97px !important;padding-bottom: 97px !important;}&#8221;][vc_column_inner css=&#8221;.vc_custom_1541419127566{padding-right: 45px !important;padding-left: 0px !important;}&#8221; offset=&#8221;vc_col-lg-6&#8243;][vc_single_image source=&#8221;external_link&#8221; css_animation=&#8221;fadeIn&#8221; [&hellip;]<\/p>\n","protected":false},"author":1,"featured_media":0,"parent":0,"menu_order":0,"comment_status":"closed","ping_status":"closed","template":"","meta":{"footnotes":""},"class_list":["post-7421","page","type-page","status-publish","hentry"],"_links":{"self":[{"href":"https:\/\/www.cdad.avrilcommunication.net\/wordpress\/wp-json\/wp\/v2\/pages\/7421","targetHints":{"allow":["GET"]}}],"collection":[{"href":"https:\/\/www.cdad.avrilcommunication.net\/wordpress\/wp-json\/wp\/v2\/pages"}],"about":[{"href":"https:\/\/www.cdad.avrilcommunication.net\/wordpress\/wp-json\/wp\/v2\/types\/page"}],"author":[{"embeddable":true,"href":"https:\/\/www.cdad.avrilcommunication.net\/wordpress\/wp-json\/wp\/v2\/users\/1"}],"replies":[{"embeddable":true,"href":"https:\/\/www.cdad.avrilcommunication.net\/wordpress\/wp-json\/wp\/v2\/comments?post=7421"}],"version-history":[{"count":23,"href":"https:\/\/www.cdad.avrilcommunication.net\/wordpress\/wp-json\/wp\/v2\/pages\/7421\/revisions"}],"predecessor-version":[{"id":7526,"href":"https:\/\/www.cdad.avrilcommunication.net\/wordpress\/wp-json\/wp\/v2\/pages\/7421\/revisions\/7526"}],"wp:attachment":[{"href":"https:\/\/www.cdad.avrilcommunication.net\/wordpress\/wp-json\/wp\/v2\/media?parent=7421"}],"curies":[{"name":"wp","href":"https:\/\/api.w.org\/{rel}","templated":true}]}}